{"id":455,"date":"2024-01-09T09:54:01","date_gmt":"2024-01-09T09:54:01","guid":{"rendered":"https:\/\/novoplastic.devconnect.at\/?page_id=455"},"modified":"2026-02-23T12:55:48","modified_gmt":"2026-02-23T12:55:48","slug":"impressum","status":"publish","type":"page","link":"https:\/\/novoplastic.devconnect.at\/?page_id=455","title":{"rendered":"Impressum"},"content":{"rendered":"\t\t<div data-elementor-type=\"wp-page\" data-elementor-id=\"455\" class=\"elementor elementor-455\" data-elementor-post-type=\"page\">\n\t\t\t\t<div class=\"elementor-element elementor-element-b1c07ad e-flex e-con-boxed e-con e-parent\" data-id=\"b1c07ad\" data-element_type=\"container\" data-e-type=\"container\">\n\t\t\t\t\t<div class=\"e-con-inner\">\n\t\t\t\t<div class=\"elementor-element elementor-element-49cb082 elementor-widget elementor-widget-text-editor\" data-id=\"49cb082\" data-element_type=\"widget\" data-e-type=\"widget\" data-widget_type=\"text-editor.default\">\n\t\t\t\t<div class=\"elementor-widget-container\">\n\t\t\t\t\t\t\t\t\t<div data-desktop-col=\"one\" data-tablet-col=\"tablet-one\" data-mobile-col=\"mobile-one\"><div><p lang=\"de-AT\" style=\"text-align: left;\">Informationspflicht laut \u00a75 E-Commerce Gesetz, \u00a714 Unternehmensgesetzbuch, \u00a763 Gewerbeordnung und Offenlegungspflicht laut \u00a725 Mediengesetz.<\/p><p lang=\"de-AT\">\u00a0<\/p><\/div><\/div><div data-desktop-col=\"one\" data-tablet-col=\"tablet-one\" data-mobile-col=\"mobile-one\"><div class=\"place\"><p data-prosemirror-content-type=\"node\" data-prosemirror-node-name=\"paragraph\" data-prosemirror-node-block=\"true\" data-pm-slice=\"1 1 [&quot;bulletList&quot;,null,&quot;listItem&quot;,null]\"><strong>NOVOPLASTIC Karton, Papier &amp; Kunststoffverarbeitung GmbH<\/strong><\/p><p>Rene Buchart<br \/><span class=\"pathway\">Willersdorferstra\u00dfe 1<\/span><br \/>A-<span class=\"pathway\">7425 Wiesfleck<\/span><\/p><p><a href=\"tel:+43335742204\">+43 <span class=\"pathway\">3357 \/ 42204 <\/span><\/a><br \/><a href=\"mailto:rene.buchart@novoplastic.devconnect.at\">rene.buchart@novoplastic.devconnect.at<\/a><br \/><a href=\"https:\/\/novoplastic.devconnect.at\/\" target=\"_blank\" rel=\"noopener\">www.novoplastic.at<\/a><\/p><\/div><p><strong data-renderer-mark=\"true\">Gesch\u00e4ftsf\u00fchrer:<\/strong> Rene Buchart (<span class=\"break-words hyphens-auto\">Privatperson, <\/span><span class=\"break-words hyphens-auto\">alleinvertretungsberechtigt)<\/span><br \/><strong data-renderer-mark=\"true\">Gesellschafter<\/strong>: <span class=\"block break-words hyphens-auto\">Rene Buchart (<\/span><span class=\"break-words hyphens-auto\">Privatperson, <\/span><span class=\"break-words hyphens-auto\">Anteil: 100,00%)<\/span><\/p><div class=\"col-span-7 lg:col-span-2\"><p class=\"p !mb-0 font-bold\"><strong>Firmenbuchnummer:<\/strong> FN118666 i<br \/><b>Umsatzsteuer-ID: <\/b>ATU21388807<br \/><strong>Zust\u00e4ndige Kammer:\u00a0<\/strong>WKO Burgenland<\/p><\/div><h3>Berufsbezeichnung und berufsrechtliche Regelungen<\/h3><p>Be- und Verarbeitung von Kunststoff im Pre\u00df-, Spritzgu\u00df-, Tauch-, Zieh-, Blas-, Schwei\u00df-, Walzverfahren in Form eines Industriebetriebes<\/p><h4>Es gelten folgende berufsrechtliche Regelungen:<\/h4><p><strong>Redaktionell verantwortlich:<\/strong> Rene Buchart<\/p><h4>Technische Umsetzung &amp; Projektabwicklung:<\/h4><p><a href=\"https:\/\/devconnect.at\/\" target=\"_blank\" rel=\"noreferrer noopener\"><img decoding=\"async\" src=\"https:\/\/novoplastic.devconnect.at\/wp-content\/uploads\/2024\/01\/Logo-600x134-black.png\" alt=\"Devconnect e.U.\" width=\"200\" \/><\/a><\/p><p><b>EU-Streitschlichtung:<br \/><\/b>Angaben zur Online-Streitbeilegung: Verbraucher haben die M\u00f6glichkeit, Beschwerden an die Online-Streitbeilegungsplattform der EU zu richten:\u00a0<a href=\"http:\/\/ec.europa.eu\/odr\" target=\"_blank\" rel=\"noopener\">http:\/\/ec.europa.eu\/odr<\/a>. Sie k\u00f6nnen allf\u00e4llige Beschwerde auch an die oben angegebene E-Mail-Adresse richten. Wir m\u00f6chten Sie jedoch darauf hinweisen, dass wir nicht bereit oder verpflichtet sind, an Streitbeilegungsverfahren vor einer Verbraucherschlichtungsstelle teilzunehmen.<br \/><b><br \/>Haftung f\u00fcr Inhalte dieser Webseite<br \/><\/b>Wir entwickeln die Inhalte dieser Webseite st\u00e4ndig weiter und bem\u00fchen uns, korrekte und aktuelle Informationen bereitzustellen. Leider k\u00f6nnen wir keine Haftung f\u00fcr die Korrektheit aller Inhalte auf dieser Webseite \u00fcbernehmen, speziell f\u00fcr jene, die seitens Dritter bereitgestellt wird. Sollten Ihnen problematische oder rechtswidrige Inhalte auffallen, bitten wir Sie uns umgehend zu kontaktieren, Sie finden die Kontaktdaten im Impressum.<\/p><p><b>Haftung f\u00fcr Links auf dieser Webseite<br \/><\/b>Unsere Webseite enth\u00e4lt Links zu anderen Webseiten f\u00fcr deren Inhalt wir nicht verantwortlich sind. Wenn Ihnen rechtswidrige Links auf unserer Webseite auffallen, bitte wir Sie uns zu kontaktieren, Sie finden die Kontaktdaten im Impressum.<\/p><p><b>Urheberrechtshinweis<\/b><br \/>Alle Inhalte dieser Webseite (Bilder, Fotos, Texte, Videos) unterliegen dem Urheberrecht. Falls notwendig, werden wir die unerlaubte Nutzung von Teilen der Inhalte unserer Seite rechtlich verfolgen.<\/p><p><b>Bildernachweis<br \/><\/b>Freepik, Novoplastic GmbH, Devconnect e.U.<\/p><\/div>\t\t\t\t\t\t\t\t<\/div>\n\t\t\t\t<\/div>\n\t\t\t\t\t<\/div>\n\t\t\t\t<\/div>\n\t\t\t\t<\/div>\n\t\t","protected":false},"excerpt":{"rendered":"<p>Informationspflicht laut \u00a75 E-Commerce Gesetz, \u00a714 Unternehmensgesetzbuch, \u00a763 Gewerbeordnung und Offenlegungspflicht laut \u00a725 Mediengesetz. \u00a0 NOVOPLASTIC Karton, Papier &amp; Kunststoffverarbeitung GmbH Rene BuchartWillersdorferstra\u00dfe 1A-7425 Wiesfleck +43 3357 \/ 42204 rene.buchart@novoplastic.devconnect.atwww.novoplastic.at Gesch\u00e4ftsf\u00fchrer: Rene Buchart (Privatperson, alleinvertretungsberechtigt)Gesellschafter: Rene Buchart (Privatperson, Anteil: 100,00%) Firmenbuchnummer: FN118666 iUmsatzsteuer-ID: ATU21388807Zust\u00e4ndige Kammer:\u00a0WKO Burgenland Berufsbezeichnung und berufsrechtliche Regelungen Be- und Verarbeitung von Kunststoff [&hellip;]<\/p>\n","protected":false},"author":2,"featured_media":1915,"parent":0,"menu_order":0,"comment_status":"closed","ping_status":"open","template":"","meta":{"footnotes":""},"class_list":["post-455","page","type-page","status-publish","has-post-thumbnail","hentry"],"_links":{"self":[{"href":"https:\/\/novoplastic.devconnect.at\/index.php?rest_route=\/wp\/v2\/pages\/455","targetHints":{"allow":["GET"]}}],"collection":[{"href":"https:\/\/novoplastic.devconnect.at\/index.php?rest_route=\/wp\/v2\/pages"}],"about":[{"href":"https:\/\/novoplastic.devconnect.at\/index.php?rest_route=\/wp\/v2\/types\/page"}],"author":[{"embeddable":true,"href":"https:\/\/novoplastic.devconnect.at\/index.php?rest_route=\/wp\/v2\/users\/2"}],"replies":[{"embeddable":true,"href":"https:\/\/novoplastic.devconnect.at\/index.php?rest_route=%2Fwp%2Fv2%2Fcomments&post=455"}],"version-history":[{"count":115,"href":"https:\/\/novoplastic.devconnect.at\/index.php?rest_route=\/wp\/v2\/pages\/455\/revisions"}],"predecessor-version":[{"id":2333,"href":"https:\/\/novoplastic.devconnect.at\/index.php?rest_route=\/wp\/v2\/pages\/455\/revisions\/2333"}],"wp:featuredmedia":[{"embeddable":true,"href":"https:\/\/novoplastic.devconnect.at\/index.php?rest_route=\/wp\/v2\/media\/1915"}],"wp:attachment":[{"href":"https:\/\/novoplastic.devconnect.at\/index.php?rest_route=%2Fwp%2Fv2%2Fmedia&parent=455"}],"curies":[{"name":"wp","href":"https:\/\/api.w.org\/{rel}","templated":true}]}}